{"id":607,"date":"2021-08-18T01:30:41","date_gmt":"2021-08-17T17:30:41","guid":{"rendered":"http:\/\/www.fplchina.cf\/?page_id=607"},"modified":"2022-08-24T22:08:18","modified_gmt":"2022-08-24T14:08:18","slug":"updates","status":"publish","type":"page","link":"http:\/\/fplchina.top\/index.php\/uofa-202122\/updates\/","title":{"rendered":"\u6a58\u8db3\u8054\u66f4\u65b0"},"content":{"rendered":"\n<p><\/p>\n\n\n\n<div class=\"wp-block-columns is-layout-flex wp-container-3\">\n<div class=\"wp-block-column is-layout-flow\">\n<figure class=\"wp-block-image size-large is-resized\"><a href=\"http:\/\/fplchina.top\/index.php\/trophies\/julian_22_23\/\"><img decoding=\"async\" loading=\"lazy\" src=\"http:\/\/fplchina.top\/wp-content\/uploads\/2022\/08\/\u6a58\u8054\u676f-607x1024.jpg\" alt=\"\" class=\"wp-image-1375\" width=\"236\" height=\"398\" srcset=\"http:\/\/fplchina.top\/wp-content\/uploads\/2022\/08\/\u6a58\u8054\u676f-607x1024.jpg 607w, http:\/\/fplchina.top\/wp-content\/uploads\/2022\/08\/\u6a58\u8054\u676f-178x300.jpg 178w, http:\/\/fplchina.top\/wp-content\/uploads\/2022\/08\/\u6a58\u8054\u676f.jpg 640w\" sizes=\"(max-width: 236px) 100vw, 236px\" \/><\/a><\/figure>\n<\/div>\n\n\n\n<div class=\"wp-block-column is-layout-flow\">\n<figure class=\"wp-block-image size-large\"><a href=\"http:\/\/fplchina.top\/index.php\/trophies\/wholeorange_2223\/\"><img decoding=\"async\" loading=\"lazy\" width=\"724\" height=\"1024\" src=\"http:\/\/fplchina.top\/wp-content\/uploads\/2022\/08\/\u6a58\u8db3\u805422-23\u8d5b\u5b63\u8d5b\u4e8b\u79e9\u5e8f\u518c\u7b2c\u4e8c\u7248.pdf-Adobe-Acrobat-Pro-724x1024.jpg\" alt=\"\" class=\"wp-image-1376\" srcset=\"http:\/\/fplchina.top\/wp-content\/uploads\/2022\/08\/\u6a58\u8db3\u805422-23\u8d5b\u5b63\u8d5b\u4e8b\u79e9\u5e8f\u518c\u7b2c\u4e8c\u7248.pdf-Adobe-Acrobat-Pro-724x1024.jpg 724w, http:\/\/fplchina.top\/wp-content\/uploads\/2022\/08\/\u6a58\u8db3\u805422-23\u8d5b\u5b63\u8d5b\u4e8b\u79e9\u5e8f\u518c\u7b2c\u4e8c\u7248.pdf-Adobe-Acrobat-Pro-212x300.jpg 212w, http:\/\/fplchina.top\/wp-content\/uploads\/2022\/08\/\u6a58\u8db3\u805422-23\u8d5b\u5b63\u8d5b\u4e8b\u79e9\u5e8f\u518c\u7b2c\u4e8c\u7248.pdf-Adobe-Acrobat-Pro-768x1086.jpg 768w, http:\/\/fplchina.top\/wp-content\/uploads\/2022\/08\/\u6a58\u8db3\u805422-23\u8d5b\u5b63\u8d5b\u4e8b\u79e9\u5e8f\u518c\u7b2c\u4e8c\u7248.pdf-Adobe-Acrobat-Pro-1086x1536.jpg 1086w, http:\/\/fplchina.top\/wp-content\/uploads\/2022\/08\/\u6a58\u8db3\u805422-23\u8d5b\u5b63\u8d5b\u4e8b\u79e9\u5e8f\u518c\u7b2c\u4e8c\u7248.pdf-Adobe-Acrobat-Pro-1200x1697.jpg 1200w, http:\/\/fplchina.top\/wp-content\/uploads\/2022\/08\/\u6a58\u8db3\u805422-23\u8d5b\u5b63\u8d5b\u4e8b\u79e9\u5e8f\u518c\u7b2c\u4e8c\u7248.pdf-Adobe-Acrobat-Pro.jpg 1280w\" sizes=\"(max-width: 724px) 100vw, 724px\" \/><\/a><\/figure>\n<\/div>\n<\/div>\n\n\n\n<p>\u66f4\u591a\u6218\u62a5\uff0c\u8bf7\u5173\u6ce8\u6a58\u8db3\u8054\u516c\u4f17\u53f7\uff1a<\/p>\n\n\n\n<figure class=\"wp-block-image\"><img decoding=\"async\" src=\"http:\/\/fplchina.top\/wp-content\/uploads\/2021\/09\/1.jpg\" alt=\"\"\/><\/figure>\n\n\n<ul class=\"wp-block-latest-posts__list wp-block-latest-posts\"><li><a class=\"wp-block-latest-posts__post-title\" href=\"http:\/\/fplchina.top\/index.php\/2026\/04\/04\/crazy-time-demo-slot-i%cc%87le-pratik-yap\/\">Crazy Time Demo Slot \u0130le Pratik Yap<\/a><\/li>\n<li><a class=\"wp-block-latest-posts__post-title\" href=\"http:\/\/fplchina.top\/index.php\/2026\/04\/03\/levant-giri-kayt-2\/\">Levant Giri\u015f Kay\u0131t<\/a><\/li>\n<li><a class=\"wp-block-latest-posts__post-title\" href=\"http:\/\/fplchina.top\/index.php\/2026\/04\/02\/sugar-rush-demo-ucretsiz-oyna\/\">Sugar Rush Demo \u00dccretsiz Oyna<\/a><\/li>\n<li><a class=\"wp-block-latest-posts__post-title\" href=\"http:\/\/fplchina.top\/index.php\/2026\/04\/02\/yeni-slot-oyun-firsatlarini-yakala-1win-indir-avantajlariyla\/\">Yeni slot oyun f\u0131rsatlar\u0131n\u0131 yakala 1win indir avantajlar\u0131yla<\/a><\/li>\n<li><a class=\"wp-block-latest-posts__post-title\" href=\"http:\/\/fplchina.top\/index.php\/2026\/04\/01\/specialynie-akcii-i-nagradi-s-chicken-road-slot-demo\/\">\u0421\u043f\u0435\u0446\u0438\u0430\u043b\u044c\u043d\u044b\u0435 \u0430\u043a\u0446\u0438\u0438 \u0438 \u043d\u0430\u0433\u0440\u0430\u0434\u044b \u0441 Chicken Road slot Demo<\/a><\/li>\n<\/ul>","protected":false},"excerpt":{"rendered":"<p>\u66f4\u591a\u6218\u62a5\uff0c\u8bf7\u5173\u6ce8\u6a58\u8db3\u8054\u516c\u4f17\u53f7\uff1a<\/p>\n","protected":false},"author":2,"featured_media":0,"parent":34,"menu_order":0,"comment_status":"closed","ping_status":"closed","template":"","meta":[],"_links":{"self":[{"href":"http:\/\/fplchina.top\/index.php\/wp-json\/wp\/v2\/pages\/607"}],"collection":[{"href":"http:\/\/fplchina.top\/index.php\/wp-json\/wp\/v2\/pages"}],"about":[{"href":"http:\/\/fplchina.top\/index.php\/wp-json\/wp\/v2\/types\/page"}],"author":[{"embeddable":true,"href":"http:\/\/fplchina.top\/index.php\/wp-json\/wp\/v2\/users\/2"}],"replies":[{"embeddable":true,"href":"http:\/\/fplchina.top\/index.php\/wp-json\/wp\/v2\/comments?post=607"}],"version-history":[{"count":15,"href":"http:\/\/fplchina.top\/index.php\/wp-json\/wp\/v2\/pages\/607\/revisions"}],"predecessor-version":[{"id":1378,"href":"http:\/\/fplchina.top\/index.php\/wp-json\/wp\/v2\/pages\/607\/revisions\/1378"}],"up":[{"embeddable":true,"href":"http:\/\/fplchina.top\/index.php\/wp-json\/wp\/v2\/pages\/34"}],"wp:attachment":[{"href":"http:\/\/fplchina.top\/index.php\/wp-json\/wp\/v2\/media?parent=607"}],"curies":[{"name":"wp","href":"https:\/\/api.w.org\/{rel}","templated":true}]}}