{"id":790,"date":"2021-09-28T13:56:15","date_gmt":"2021-09-28T05:56:15","guid":{"rendered":"http:\/\/www.fplchina.cf\/?page_id=790"},"modified":"2021-10-10T20:11:19","modified_gmt":"2021-10-10T12:11:19","slug":"table","status":"publish","type":"page","link":"http:\/\/fplchina.top\/index.php\/uofa-202122\/orangerookie\/table\/","title":{"rendered":"\u83dc\u6a58\u676f\u79ef\u5206\u699c"},"content":{"rendered":"\n<table id=\"tablepress-caiju\" class=\"tablepress tablepress-id-caiju\">\n<thead>\n<tr class=\"row-1 odd\">\n\t<th class=\"column-1\">&nbsp;<\/th><th class=\"column-2\">ID<\/th><th class=\"column-3\">Team Name<\/th><th class=\"column-4\">Player Name<\/th><th class=\"column-5\">Bank<\/th><th class=\"column-6\">Chip<\/th><th class=\"column-7\">Captain<\/th><th class=\"column-8\">Diff Players<\/th><th class=\"column-9\">GW points<\/th><th class=\"column-10\">FPL Total<\/th><th class=\"column-11\">GW Bonus<\/th><th class=\"column-12\">Total Bonus<\/th><th class=\"column-13\">Caiju Total<\/th><th class=\"column-14\">&nbsp;<\/th><th class=\"column-15\">&nbsp;<\/th><th class=\"column-16\">&nbsp;<\/th><th class=\"column-17\">&nbsp;<\/th><th class=\"column-18\">&nbsp;<\/th><th class=\"column-19\">&nbsp;<\/th><th class=\"column-20\">&nbsp;<\/th><th class=\"column-21\">&nbsp;<\/th>\n<\/tr>\n<\/thead>\n<tbody class=\"row-hover\">\n<tr class=\"row-2 even\">\n\t<td class=\"column-1\">1<\/td><td class=\"column-2\">3909863<\/td><td class=\"column-3\">\u4e0d\u6b63\u7ecf\u7684\u5c0f\u53f7<\/td><td class=\"column-4\">\u6b63\u7ecf\u4eba \u7b28\u7b28<\/td><td class=\"column-5\">10.1<\/td><td class=\"column-6\"><\/td><td class=\"column-7\">Son<\/td><td class=\"column-8\">2<\/td><td class=\"column-9\">77<\/td><td class=\"column-10\">2378<\/td><td class=\"column-11\">-10<\/td><td class=\"column-12\">8<\/td><td class=\"column-13\">2386<\/td><td class=\"column-14\"><\/td><td class=\"column-15\">\u4e0d\u6b63\u7ecf\u7684\u5c0f\u53f7<\/td><td class=\"column-16\">8<\/td><td class=\"column-17\">2<\/td><td class=\"column-18\"><\/td><td class=\"column-19\"><\/td><td class=\"column-20\"><\/td><td class=\"column-21\"><\/td>\n<\/tr>\n<tr class=\"row-3 odd\">\n\t<td class=\"column-1\">2<\/td><td class=\"column-2\">1904469<\/td><td class=\"column-3\">\u6307\u5bfc\u5458\u70b8\u6210\u4e09\u622a<\/td><td class=\"column-4\">Tinn Z<\/td><td class=\"column-5\">10.4<\/td><td class=\"column-6\"><\/td><td class=\"column-7\">Toney<\/td><td class=\"column-8\">3<\/td><td class=\"column-9\">41<\/td><td class=\"column-10\">1960<\/td><td class=\"column-11\"><\/td><td class=\"column-12\">27<\/td><td class=\"column-13\">1987<\/td><td class=\"column-14\"><\/td><td class=\"column-15\">\u6307\u5bfc\u5458\u70b8\u6210\u4e09\u622a<\/td><td class=\"column-16\">27<\/td><td class=\"column-17\">7<\/td><td class=\"column-18\"><\/td><td class=\"column-19\"><\/td><td class=\"column-20\"><\/td><td class=\"column-21\"><\/td>\n<\/tr>\n<tr class=\"row-4 even\">\n\t<td class=\"column-1\">3<\/td><td class=\"column-2\">4772214<\/td><td class=\"column-3\">\u6e29\u683c\u9884\u5907\u961f<\/td><td class=\"column-4\">Bob Zhou<\/td><td class=\"column-5\">10.4<\/td><td class=\"column-6\"><\/td><td class=\"column-7\">Son<\/td><td class=\"column-8\">2<\/td><td class=\"column-9\">65<\/td><td class=\"column-10\">2111<\/td><td class=\"column-11\">-10<\/td><td class=\"column-12\">-139<\/td><td class=\"column-13\">1972<\/td><td class=\"column-14\"><\/td><td class=\"column-15\"><\/td><td class=\"column-16\"><\/td><td class=\"column-17\"><\/td><td class=\"column-18\"><\/td><td class=\"column-19\"><\/td><td class=\"column-20\">\u73ed\u798f\u5fb7\u4e2d\u56fd\u540e\u63f4\u4f1a\u5206\u4f1a<\/td><td class=\"column-21\">21<\/td>\n<\/tr>\n<tr class=\"row-5 odd\">\n\t<td class=\"column-1\">4<\/td><td class=\"column-2\">2278994<\/td><td class=\"column-3\">\u73ed\u798f\u5fb7\u4e2d\u56fd\u540e\u63f4\u4f1a\u5206\u4f1a<\/td><td class=\"column-4\">\u9664\u5374\u541b\u8eab\u4e09\u91cd\u96ea \u5929\u4e0b\u8c01\u4eba\u914d\u767d\u8863<\/td><td class=\"column-5\">10<\/td><td class=\"column-6\"><\/td><td class=\"column-7\">Man\u00e9<\/td><td class=\"column-8\">5<\/td><td class=\"column-9\">51<\/td><td class=\"column-10\">1872<\/td><td class=\"column-11\"><\/td><td class=\"column-12\">91<\/td><td class=\"column-13\">1963<\/td><td class=\"column-14\"><\/td><td class=\"column-15\">\u73ed\u798f\u5fb7\u4e2d\u56fd\u540e\u63f4\u4f1a\u5206\u4f1a<\/td><td class=\"column-16\">91<\/td><td class=\"column-17\">21<\/td><td class=\"column-18\"><\/td><td class=\"column-19\"><\/td><td class=\"column-20\">\u8d1f\u5206\u5927\u961f<\/td><td class=\"column-21\">20<\/td>\n<\/tr>\n<tr class=\"row-6 even\">\n\t<td class=\"column-1\">5<\/td><td class=\"column-2\">2118135<\/td><td class=\"column-3\">New Trafford United<\/td><td class=\"column-4\">Ethan Lin<\/td><td class=\"column-5\">0.2<\/td><td class=\"column-6\"><\/td><td class=\"column-7\">Zaha<\/td><td class=\"column-8\">5<\/td><td class=\"column-9\">63<\/td><td class=\"column-10\">2048<\/td><td class=\"column-11\">-50<\/td><td class=\"column-12\">-90<\/td><td class=\"column-13\">1958<\/td><td class=\"column-14\"><\/td><td class=\"column-15\"><\/td><td class=\"column-16\"><\/td><td class=\"column-17\"><\/td><td class=\"column-18\"><\/td><td class=\"column-19\"><\/td><td class=\"column-20\">\u4f60\u9524\u771f\u662f\u4e2a\u732a\u9f3b<\/td><td class=\"column-21\">12<\/td>\n<\/tr>\n<tr class=\"row-7 odd\">\n\t<td class=\"column-1\">6<\/td><td class=\"column-2\">3900766<\/td><td class=\"column-3\">RookieGooner<\/td><td class=\"column-4\">Ted Zhang<\/td><td class=\"column-5\">11.6<\/td><td class=\"column-6\"><\/td><td class=\"column-7\">S\u00e1nchez<\/td><td class=\"column-8\">4<\/td><td class=\"column-9\">68<\/td><td class=\"column-10\">1909<\/td><td class=\"column-11\"><\/td><td class=\"column-12\">29<\/td><td class=\"column-13\">1938<\/td><td class=\"column-14\"><\/td><td class=\"column-15\">RookieGooner<\/td><td class=\"column-16\">29<\/td><td class=\"column-17\">7<\/td><td class=\"column-18\"><\/td><td class=\"column-19\"><\/td><td class=\"column-20\">Jong 51-1<\/td><td class=\"column-21\">10<\/td>\n<\/tr>\n<tr class=\"row-8 even\">\n\t<td class=\"column-1\">7<\/td><td class=\"column-2\">6879674<\/td><td class=\"column-3\">\u8d1f\u5206\u5927\u961f<\/td><td class=\"column-4\">\u8d1f\u5206 \u8d1f\u5206<\/td><td class=\"column-5\">10.6<\/td><td class=\"column-6\"><\/td><td class=\"column-7\">Pulisic<\/td><td class=\"column-8\">8<\/td><td class=\"column-9\">56<\/td><td class=\"column-10\">1776<\/td><td class=\"column-11\"><\/td><td class=\"column-12\">87<\/td><td class=\"column-13\">1863<\/td><td class=\"column-14\"><\/td><td class=\"column-15\">\u8d1f\u5206\u5927\u961f<\/td><td class=\"column-16\">87<\/td><td class=\"column-17\">20<\/td><td class=\"column-18\"><\/td><td class=\"column-19\"><\/td><td class=\"column-20\">\u6307\u5bfc\u5458\u70b8\u6210\u4e09\u622a<\/td><td class=\"column-21\">7<\/td>\n<\/tr>\n<tr class=\"row-9 odd\">\n\t<td class=\"column-1\">8<\/td><td class=\"column-2\">1116587<\/td><td class=\"column-3\">Team LeBron<\/td><td class=\"column-4\">Small Mee<\/td><td class=\"column-5\">11.7<\/td><td class=\"column-6\"><\/td><td class=\"column-7\">Veltman<\/td><td class=\"column-8\">3<\/td><td class=\"column-9\">61<\/td><td class=\"column-10\">1918<\/td><td class=\"column-11\"><\/td><td class=\"column-12\">-69<\/td><td class=\"column-13\">1849<\/td><td class=\"column-14\"><\/td><td class=\"column-15\"><\/td><td class=\"column-16\"><\/td><td class=\"column-17\"><\/td><td class=\"column-18\"><\/td><td class=\"column-19\"><\/td><td class=\"column-20\">RookieGooner<\/td><td class=\"column-21\">7<\/td>\n<\/tr>\n<tr class=\"row-10 even\">\n\t<td class=\"column-1\">9<\/td><td class=\"column-2\">7891769<\/td><td class=\"column-3\">Differ Utd<\/td><td class=\"column-4\">Jack Guo<\/td><td class=\"column-5\">10.3<\/td><td class=\"column-6\"><\/td><td class=\"column-7\">Robertson<\/td><td class=\"column-8\">4<\/td><td class=\"column-9\">77<\/td><td class=\"column-10\">1810<\/td><td class=\"column-11\"><\/td><td class=\"column-12\">-21<\/td><td class=\"column-13\">1789<\/td><td class=\"column-14\"><\/td><td class=\"column-15\"><\/td><td class=\"column-16\"><\/td><td class=\"column-17\"><\/td><td class=\"column-18\"><\/td><td class=\"column-19\"><\/td><td class=\"column-20\">fplchina.cf<\/td><td class=\"column-21\">6<\/td>\n<\/tr>\n<tr class=\"row-11 odd\">\n\t<td class=\"column-1\">10<\/td><td class=\"column-2\">5647524<\/td><td class=\"column-3\">\u6cf0\u6664\u58eb\u6cb3\u7554\u9996\u5e2d\u519c\u573a\u4e3b<\/td><td class=\"column-4\">Jiamo Renoir<\/td><td class=\"column-5\">11.3<\/td><td class=\"column-6\"><\/td><td class=\"column-7\">Vardy<\/td><td class=\"column-8\">3<\/td><td class=\"column-9\">54<\/td><td class=\"column-10\">1873<\/td><td class=\"column-11\"><\/td><td class=\"column-12\">-110<\/td><td class=\"column-13\">1763<\/td><td class=\"column-14\"><\/td><td class=\"column-15\"><\/td><td class=\"column-16\"><\/td><td class=\"column-17\"><\/td><td class=\"column-18\"><\/td><td class=\"column-19\"><\/td><td class=\"column-20\">\u591a\u5403\u852c\u83dc\u6c34\u679c<\/td><td class=\"column-21\">6<\/td>\n<\/tr>\n<tr class=\"row-12 even\">\n\t<td class=\"column-1\">11<\/td><td class=\"column-2\">1691663<\/td><td class=\"column-3\">fplchina.cf<\/td><td class=\"column-4\">Union of Orange Football Associations Associate Head<\/td><td class=\"column-5\">10.4<\/td><td class=\"column-6\">freehit<\/td><td class=\"column-7\">Man\u00e9<\/td><td class=\"column-8\">5<\/td><td class=\"column-9\">72<\/td><td class=\"column-10\">1720<\/td><td class=\"column-11\"><\/td><td class=\"column-12\">22<\/td><td class=\"column-13\">1742<\/td><td class=\"column-14\"><\/td><td class=\"column-15\">fplchina.cf<\/td><td class=\"column-16\">22<\/td><td class=\"column-17\">6<\/td><td class=\"column-18\"><\/td><td class=\"column-19\"><\/td><td class=\"column-20\">\u5730\u4e2d\u6d77\u8fa3\u59b9\u6a58<\/td><td class=\"column-21\">6<\/td>\n<\/tr>\n<tr class=\"row-13 odd\">\n\t<td class=\"column-1\">12<\/td><td class=\"column-2\">6105810<\/td><td class=\"column-3\">\u53c8\u83dc\u53c8\u80d6<\/td><td class=\"column-4\">Change Name<\/td><td class=\"column-5\">12.4<\/td><td class=\"column-6\"><\/td><td class=\"column-7\">Salah<\/td><td class=\"column-8\">7<\/td><td class=\"column-9\">49<\/td><td class=\"column-10\">1717<\/td><td class=\"column-11\"><\/td><td class=\"column-12\">-20<\/td><td class=\"column-13\">1697<\/td><td class=\"column-14\"><\/td><td class=\"column-15\"><\/td><td class=\"column-16\"><\/td><td class=\"column-17\"><\/td><td class=\"column-18\"><\/td><td class=\"column-19\"><\/td><td class=\"column-20\">Ma United<\/td><td class=\"column-21\">6<\/td>\n<\/tr>\n<tr class=\"row-14 even\">\n\t<td class=\"column-1\">13<\/td><td class=\"column-2\">702123<\/td><td class=\"column-3\">\u725b\u680f\u5c71\u4e00\u4e2dFC<\/td><td class=\"column-4\">Xianzhi Gao<\/td><td class=\"column-5\">15.4<\/td><td class=\"column-6\"><\/td><td class=\"column-7\">Eriksen<\/td><td class=\"column-8\">2<\/td><td class=\"column-9\">40<\/td><td class=\"column-10\">1848<\/td><td class=\"column-11\">-10<\/td><td class=\"column-12\">-160<\/td><td class=\"column-13\">1688<\/td><td class=\"column-14\"><\/td><td class=\"column-15\"><\/td><td class=\"column-16\"><\/td><td class=\"column-17\"><\/td><td class=\"column-18\"><\/td><td class=\"column-19\"><\/td><td class=\"column-20\">\u5170\u4ead\u5e8f<\/td><td class=\"column-21\">3<\/td>\n<\/tr>\n<tr class=\"row-15 odd\">\n\t<td class=\"column-1\">14<\/td><td class=\"column-2\">4529867<\/td><td class=\"column-3\">\u591a\u5403\u852c\u83dc\u6c34\u679c<\/td><td class=\"column-4\">\u4f60\u83dc\u5230\u6211\u4e86 \uff01<\/td><td class=\"column-5\">10<\/td><td class=\"column-6\">3xc<\/td><td class=\"column-7\">Lukaku<\/td><td class=\"column-8\">7<\/td><td class=\"column-9\">0<\/td><td class=\"column-10\">1594<\/td><td class=\"column-11\"><\/td><td class=\"column-12\">23<\/td><td class=\"column-13\">1617<\/td><td class=\"column-14\"><\/td><td class=\"column-15\">\u591a\u5403\u852c\u83dc\u6c34\u679c<\/td><td class=\"column-16\">23<\/td><td class=\"column-17\">6<\/td><td class=\"column-18\"><\/td><td class=\"column-19\"><\/td><td class=\"column-20\">\u4e0d\u6b63\u7ecf\u7684\u5c0f\u53f7<\/td><td class=\"column-21\">2<\/td>\n<\/tr>\n<tr class=\"row-16 even\">\n\t<td class=\"column-1\">15<\/td><td class=\"column-2\">3902029<\/td><td class=\"column-3\">\u4f60\u9524\u771f\u662f\u4e2a\u732a\u9f3b<\/td><td class=\"column-4\">maizi cc<\/td><td class=\"column-5\">10.3<\/td><td class=\"column-6\"><\/td><td class=\"column-7\">Jim\u00e9nez<\/td><td class=\"column-8\">6<\/td><td class=\"column-9\">40<\/td><td class=\"column-10\">1551<\/td><td class=\"column-11\"><\/td><td class=\"column-12\">50<\/td><td class=\"column-13\">1601<\/td><td class=\"column-14\"><\/td><td class=\"column-15\">\u4f60\u9524\u771f\u662f\u4e2a\u732a\u9f3b<\/td><td class=\"column-16\">50<\/td><td class=\"column-17\">12<\/td><td class=\"column-18\"><\/td><td class=\"column-19\"><\/td><td class=\"column-20\"><\/td><td class=\"column-21\"><\/td>\n<\/tr>\n<tr class=\"row-17 odd\">\n\t<td class=\"column-1\">16<\/td><td class=\"column-2\">312085<\/td><td class=\"column-3\">Money Remaining 12.4<\/td><td class=\"column-4\">topaz ago<\/td><td class=\"column-5\">8.7<\/td><td class=\"column-6\"><\/td><td class=\"column-7\">Saint-Maximin<\/td><td class=\"column-8\">6<\/td><td class=\"column-9\">39<\/td><td class=\"column-10\">1649<\/td><td class=\"column-11\">-50<\/td><td class=\"column-12\">-100<\/td><td class=\"column-13\">1549<\/td><td class=\"column-14\"><\/td><td class=\"column-15\"><\/td><td class=\"column-16\"><\/td><td class=\"column-17\"><\/td><td class=\"column-18\"><\/td><td class=\"column-19\"><\/td><td class=\"column-20\"><\/td><td class=\"column-21\"><\/td>\n<\/tr>\n<tr class=\"row-18 even\">\n\t<td class=\"column-1\">17<\/td><td class=\"column-2\">5615115<\/td><td class=\"column-3\">\u5730\u4e2d\u6d77\u8fa3\u59b9\u6a58<\/td><td class=\"column-4\">Serena Law<\/td><td class=\"column-5\">12.5<\/td><td class=\"column-6\"><\/td><td class=\"column-7\">Can\u00f3s<\/td><td class=\"column-8\">7<\/td><td class=\"column-9\">34<\/td><td class=\"column-10\">1470<\/td><td class=\"column-11\"><\/td><td class=\"column-12\">23<\/td><td class=\"column-13\">1493<\/td><td class=\"column-14\"><\/td><td class=\"column-15\">\u5730\u4e2d\u6d77\u8fa3\u59b9\u6a58<\/td><td class=\"column-16\">23<\/td><td class=\"column-17\">6<\/td><td class=\"column-18\"><\/td><td class=\"column-19\"><\/td><td class=\"column-20\"><\/td><td class=\"column-21\"><\/td>\n<\/tr>\n<tr class=\"row-19 odd\">\n\t<td class=\"column-1\">18<\/td><td class=\"column-2\">6904466<\/td><td class=\"column-3\">\u5170\u4ead\u5e8f<\/td><td class=\"column-4\">\u6a58\u8db3\u8054 \u9884\u5907\u961f<\/td><td class=\"column-5\">10.7<\/td><td class=\"column-6\"><\/td><td class=\"column-7\">Rashford<\/td><td class=\"column-8\">7<\/td><td class=\"column-9\">33<\/td><td class=\"column-10\">1478<\/td><td class=\"column-11\"><\/td><td class=\"column-12\">10<\/td><td class=\"column-13\">1488<\/td><td class=\"column-14\"><\/td><td class=\"column-15\">\u5170\u4ead\u5e8f<\/td><td class=\"column-16\">10<\/td><td class=\"column-17\">3<\/td><td class=\"column-18\"><\/td><td class=\"column-19\"><\/td><td class=\"column-20\"><\/td><td class=\"column-21\"><\/td>\n<\/tr>\n<tr class=\"row-20 even\">\n\t<td class=\"column-1\">19<\/td><td class=\"column-2\">6527506<\/td><td class=\"column-3\">\u6bcf\u4eba\u4e0d\u52307\u5757<\/td><td class=\"column-4\">Qing Feng<\/td><td class=\"column-5\">13.3<\/td><td class=\"column-6\"><\/td><td class=\"column-7\">Fornals<\/td><td class=\"column-8\">4<\/td><td class=\"column-9\">55<\/td><td class=\"column-10\">1588<\/td><td class=\"column-11\"><\/td><td class=\"column-12\">-120<\/td><td class=\"column-13\">1468<\/td><td class=\"column-14\"><\/td><td class=\"column-15\"><\/td><td class=\"column-16\"><\/td><td class=\"column-17\"><\/td><td class=\"column-18\"><\/td><td class=\"column-19\"><\/td><td class=\"column-20\"><\/td><td class=\"column-21\"><\/td>\n<\/tr>\n<tr class=\"row-21 odd\">\n\t<td class=\"column-1\">20<\/td><td class=\"column-2\">8439025<\/td><td class=\"column-3\">Ma United<\/td><td class=\"column-4\">\u9a6c \u8054<\/td><td class=\"column-5\">11.3<\/td><td class=\"column-6\">freehit<\/td><td class=\"column-7\">Man\u00e9<\/td><td class=\"column-8\">7<\/td><td class=\"column-9\">50<\/td><td class=\"column-10\">1384<\/td><td class=\"column-11\"><\/td><td class=\"column-12\">26<\/td><td class=\"column-13\">1410<\/td><td class=\"column-14\"><\/td><td class=\"column-15\">Ma United<\/td><td class=\"column-16\">26<\/td><td class=\"column-17\">6<\/td><td class=\"column-18\"><\/td><td class=\"column-19\"><\/td><td class=\"column-20\"><\/td><td class=\"column-21\"><\/td>\n<\/tr>\n<tr class=\"row-22 even\">\n\t<td class=\"column-1\">21<\/td><td class=\"column-2\">289120<\/td><td class=\"column-3\">Jong 51-1<\/td><td class=\"column-4\">\u4e94\u9053\u53e3\u5fb7\u6ce2\u5c14 51-1<\/td><td class=\"column-5\">11.4<\/td><td class=\"column-6\">wildcard<\/td><td class=\"column-7\">Cornet<\/td><td class=\"column-8\">10<\/td><td class=\"column-9\">60<\/td><td class=\"column-10\">1358<\/td><td class=\"column-11\"><\/td><td class=\"column-12\">43<\/td><td class=\"column-13\">1401<\/td><td class=\"column-14\"><\/td><td class=\"column-15\">Jong 51-1<\/td><td class=\"column-16\">43<\/td><td class=\"column-17\">10<\/td><td class=\"column-18\"><\/td><td class=\"column-19\"><\/td><td class=\"column-20\"><\/td><td class=\"column-21\"><\/td>\n<\/tr>\n<tr class=\"row-23 odd\">\n\t<td class=\"column-1\"><\/td><td class=\"column-2\"><\/td><td class=\"column-3\"><\/td><td class=\"column-4\"><\/td><td class=\"column-5\"><\/td><td class=\"column-6\"><\/td><td class=\"column-7\"><\/td><td class=\"column-8\"><\/td><td class=\"column-9\"><\/td><td class=\"column-10\"><\/td><td class=\"column-11\"><\/td><td class=\"column-12\">-390<\/td><td class=\"column-13\"><\/td><td class=\"column-14\"><\/td><td class=\"column-15\"><\/td><td class=\"column-16\"><\/td><td class=\"column-17\"><\/td><td class=\"column-18\"><\/td><td class=\"column-19\"><\/td><td class=\"column-20\"><\/td><td class=\"column-21\"><\/td>\n<\/tr>\n<tr class=\"row-24 even\">\n\t<td class=\"column-1\"><\/td><td class=\"column-2\"><\/td><td class=\"column-3\"><\/td><td class=\"column-4\"><\/td><td class=\"column-5\"><\/td><td class=\"column-6\"><\/td><td class=\"column-7\"><\/td><td class=\"column-8\"><\/td><td class=\"column-9\"><\/td><td class=\"column-10\"><\/td><td class=\"column-11\"><\/td><td class=\"column-12\"><\/td><td class=\"column-13\"><\/td><td class=\"column-14\"><\/td><td class=\"column-15\"><\/td><td class=\"column-16\"><\/td><td class=\"column-17\"><\/td><td class=\"column-18\"><\/td><td class=\"column-19\"><\/td><td class=\"column-20\"><\/td><td class=\"column-21\"><\/td>\n<\/tr>\n<tr class=\"row-25 odd\">\n\t<td class=\"column-1\"><\/td><td class=\"column-2\"><\/td><td class=\"column-3\"><\/td><td class=\"column-4\"><\/td><td class=\"column-5\"><\/td><td class=\"column-6\"><\/td><td class=\"column-7\"><\/td><td class=\"column-8\"><\/td><td class=\"column-9\"><\/td><td class=\"column-10\"><\/td><td class=\"column-11\"><\/td><td class=\"column-12\"><\/td><td class=\"column-13\"><\/td><td class=\"column-14\"><\/td><td class=\"column-15\"><\/td><td class=\"column-16\"><\/td><td class=\"column-17\"><\/td><td class=\"column-18\"><\/td><td class=\"column-19\"><\/td><td class=\"column-20\"><\/td><td class=\"column-21\"><\/td>\n<\/tr>\n<tr class=\"row-26 even\">\n\t<td class=\"column-1\"><\/td><td class=\"column-2\"><\/td><td class=\"column-3\"><\/td><td class=\"column-4\"><\/td><td class=\"column-5\"><\/td><td class=\"column-6\"><\/td><td class=\"column-7\"><\/td><td class=\"column-8\"><\/td><td class=\"column-9\"><\/td><td class=\"column-10\"><\/td><td class=\"column-11\"><\/td><td class=\"column-12\"><\/td><td class=\"column-13\">C\u00e9dric, Andersen, G\u00fcndogan, Gro\u00df, P\u00e9rez, Wilson, Welbeck<\/td><td class=\"column-14\"><\/td><td class=\"column-15\"><\/td><td class=\"column-16\"><\/td><td class=\"column-17\"><\/td><td class=\"column-18\"><\/td><td class=\"column-19\"><\/td><td class=\"column-20\"><\/td><td class=\"column-21\"><\/td>\n<\/tr>\n<\/tbody>\n<\/table>\n<!-- #tablepress-caiju from cache -->\n","protected":false},"excerpt":{"rendered":"","protected":false},"author":1,"featured_media":0,"parent":398,"menu_order":0,"comment_status":"closed","ping_status":"closed","template":"templates\/template-full-width.php","meta":[],"_links":{"self":[{"href":"http:\/\/fplchina.top\/index.php\/wp-json\/wp\/v2\/pages\/790"}],"collection":[{"href":"http:\/\/fplchina.top\/index.php\/wp-json\/wp\/v2\/pages"}],"about":[{"href":"http:\/\/fplchina.top\/index.php\/wp-json\/wp\/v2\/types\/page"}],"author":[{"embeddable":true,"href":"http:\/\/fplchina.top\/index.php\/wp-json\/wp\/v2\/users\/1"}],"replies":[{"embeddable":true,"href":"http:\/\/fplchina.top\/index.php\/wp-json\/wp\/v2\/comments?post=790"}],"version-history":[{"count":2,"href":"http:\/\/fplchina.top\/index.php\/wp-json\/wp\/v2\/pages\/790\/revisions"}],"predecessor-version":[{"id":821,"href":"http:\/\/fplchina.top\/index.php\/wp-json\/wp\/v2\/pages\/790\/revisions\/821"}],"up":[{"embeddable":true,"href":"http:\/\/fplchina.top\/index.php\/wp-json\/wp\/v2\/pages\/398"}],"wp:attachment":[{"href":"http:\/\/fplchina.top\/index.php\/wp-json\/wp\/v2\/media?parent=790"}],"curies":[{"name":"wp","href":"https:\/\/api.w.org\/{rel}","templated":true}]}}